{"id":60,"date":"2021-03-02T13:30:16","date_gmt":"2021-03-02T13:30:16","guid":{"rendered":"https:\/\/casadaarvorefestas.com.br\/site\/?page_id=60"},"modified":"2021-03-11T11:02:14","modified_gmt":"2021-03-11T11:02:14","slug":"shopping-itaborai-plaza","status":"publish","type":"page","link":"https:\/\/casadaarvorefestas.com.br\/site\/shopping-itaborai-plaza\/","title":{"rendered":"Shopping Itabora\u00ed Plaza"},"content":{"rendered":"\t\t<div data-elementor-type=\"wp-page\" data-elementor-id=\"60\" class=\"elementor elementor-60\">\n\t\t\t\t\t\t<section class=\"elementor-section elementor-top-section elementor-element elementor-element-1464a4de elementor-section-full_width elementor-section-content-top elementor-section-stretched elementor-section-height-default elementor-section-height-default\" data-id=\"1464a4de\" data-element_type=\"section\" data-e-type=\"section\" data-settings=\"{&quot;stretch_section&quot;:&quot;section-stretched&quot;}\">\n\t\t\t\t\t\t<div class=\"elementor-container elementor-column-gap-no\">\n\t\t\t\t\t<div class=\"elementor-column elementor-col-100 elementor-top-column elementor-element elementor-element-423e9cac\" data-id=\"423e9cac\" data-element_type=\"column\" data-e-type=\"column\">\n\t\t\t<div class=\"elementor-widget-wrap elementor-element-populated\">\n\t\t\t\t\t\t<div class=\"elementor-element elementor-element-239137fc elementor-widget elementor-widget-spacer\" data-id=\"239137fc\" data-element_type=\"widget\" data-e-type=\"widget\" data-widget_type=\"spacer.default\">\n\t\t\t\t<div class=\"elementor-widget-container\">\n\t\t\t\t\t\t\t<div class=\"elementor-spacer\">\n\t\t\t<div class=\"elementor-spacer-inner\"><\/div>\n\t\t<\/div>\n\t\t\t\t\t\t<\/div>\n\t\t\t\t<\/div>\n\t\t\t\t\t<\/div>\n\t\t<\/div>\n\t\t\t\t\t<\/div>\n\t\t<\/section>\n\t\t\t\t<section class=\"elementor-section elementor-top-section elementor-element elementor-element-97611ea elementor-section-boxed elementor-section-height-default elementor-section-height-default\" data-id=\"97611ea\" data-element_type=\"section\" data-e-type=\"section\">\n\t\t\t\t\t\t<div class=\"elementor-container elementor-column-gap-default\">\n\t\t\t\t\t<div class=\"elementor-column elementor-col-100 elementor-top-column elementor-element elementor-element-5157699e\" data-id=\"5157699e\" data-element_type=\"column\" data-e-type=\"column\">\n\t\t\t<div class=\"elementor-widget-wrap elementor-element-populated\">\n\t\t\t\t\t\t<div class=\"elementor-element elementor-element-3f20b300 elementor-widget elementor-widget-heading\" data-id=\"3f20b300\" data-element_type=\"widget\" data-e-type=\"widget\" data-widget_type=\"heading.default\">\n\t\t\t\t<div class=\"elementor-widget-container\">\n\t\t\t\t\t<h2 class=\"elementor-heading-title elementor-size-default\">Shopping Itabora\u00ed Plaza<\/h2>\t\t\t\t<\/div>\n\t\t\t\t<\/div>\n\t\t\t\t\t<\/div>\n\t\t<\/div>\n\t\t\t\t\t<\/div>\n\t\t<\/section>\n\t\t\t\t<section class=\"elementor-section elementor-top-section elementor-element elementor-element-5cdf2bd elementor-section-boxed elementor-section-height-default elementor-section-height-default\" data-id=\"5cdf2bd\" data-element_type=\"section\" data-e-type=\"section\">\n\t\t\t\t\t\t<div class=\"elementor-container elementor-column-gap-default\">\n\t\t\t\t\t<div class=\"elementor-column elementor-col-100 elementor-top-column elementor-element elementor-element-503406c\" data-id=\"503406c\" data-element_type=\"column\" data-e-type=\"column\">\n\t\t\t<div class=\"elementor-widget-wrap elementor-element-populated\">\n\t\t\t\t\t\t<div class=\"elementor-element elementor-element-ecbb0dc elementor-widget elementor-widget-image\" data-id=\"ecbb0dc\" data-element_type=\"widget\" data-e-type=\"widget\" data-widget_type=\"image.default\">\n\t\t\t\t<div class=\"elementor-widget-container\">\n\t\t\t\t\t\t\t\t\t\t\t\t\t\t\t<img fetchpriority=\"high\" decoding=\"async\" width=\"828\" height=\"315\" src=\"https:\/\/casadaarvorefestas.com.br\/site\/wp-content\/uploads\/2021\/03\/58895198_2198429896906992_1580205381156601856_n.png\" class=\"attachment-large size-large wp-image-658\" alt=\"\" srcset=\"https:\/\/casadaarvorefestas.com.br\/site\/wp-content\/uploads\/2021\/03\/58895198_2198429896906992_1580205381156601856_n.png 828w, https:\/\/casadaarvorefestas.com.br\/site\/wp-content\/uploads\/2021\/03\/58895198_2198429896906992_1580205381156601856_n-800x304.png 800w, https:\/\/casadaarvorefestas.com.br\/site\/wp-content\/uploads\/2021\/03\/58895198_2198429896906992_1580205381156601856_n-300x114.png 300w, https:\/\/casadaarvorefestas.com.br\/site\/wp-content\/uploads\/2021\/03\/58895198_2198429896906992_1580205381156601856_n-768x292.png 768w\" sizes=\"(max-width: 828px) 100vw, 828px\" \/>\t\t\t\t\t\t\t\t\t\t\t\t\t\t\t<\/div>\n\t\t\t\t<\/div>\n\t\t\t\t\t<\/div>\n\t\t<\/div>\n\t\t\t\t\t<\/div>\n\t\t<\/section>\n\t\t\t\t<section class=\"elementor-section elementor-top-section elementor-element elementor-element-de3f3 elementor-section-boxed elementor-section-height-default elementor-section-height-default\" data-id=\"de3f3\" data-element_type=\"section\" data-e-type=\"section\">\n\t\t\t\t\t\t<div class=\"elementor-container elementor-column-gap-default\">\n\t\t\t\t\t<div class=\"elementor-column elementor-col-50 elementor-top-column elementor-element elementor-element-69025df4\" data-id=\"69025df4\" data-element_type=\"column\" data-e-type=\"column\">\n\t\t\t<div class=\"elementor-widget-wrap elementor-element-populated\">\n\t\t\t\t\t\t<div class=\"elementor-element elementor-element-223c5b8 elementor-widget elementor-widget-text-editor\" data-id=\"223c5b8\" data-element_type=\"widget\" data-e-type=\"widget\" data-widget_type=\"text-editor.default\">\n\t\t\t\t<div class=\"elementor-widget-container\">\n\t\t\t\t\t\t\t\t\tA Casa da \u00c1rvore espera seus filhos para uma experi\u00eancia \u00fanica, cheia de brincadeiras, no Shopping Itabora\u00ed Plaza. Os pequenos curtir\u00e3o o melhor servi\u00e7o de recrea\u00e7\u00e3o infantil de Cabo Frio.\n<br><br>\n<i class=\"fas fa-check-square\"><\/i> Segunda \u00e0 s\u00e1bado, a brincadeira come\u00e7a \u00e0s 10h e s\u00f3 termina \u00e0s 22h.<br>\n<i class=\"fas fa-check-square\"><\/i> Aos domingos, de 12h \u00e0s 21h. Vem!\t\t\t\t\t\t\t\t<\/div>\n\t\t\t\t<\/div>\n\t\t\t\t<div class=\"elementor-element elementor-element-2d0c3d5f elementor-widget elementor-widget-spacer\" data-id=\"2d0c3d5f\" data-element_type=\"widget\" data-e-type=\"widget\" data-widget_type=\"spacer.default\">\n\t\t\t\t<div class=\"elementor-widget-container\">\n\t\t\t\t\t\t\t<div class=\"elementor-spacer\">\n\t\t\t<div class=\"elementor-spacer-inner\"><\/div>\n\t\t<\/div>\n\t\t\t\t\t\t<\/div>\n\t\t\t\t<\/div>\n\t\t\t\t<div class=\"elementor-element elementor-element-715b49af elementor-widget elementor-widget-google_maps\" data-id=\"715b49af\" data-element_type=\"widget\" data-e-type=\"widget\" data-widget_type=\"google_maps.default\">\n\t\t\t\t<div class=\"elementor-widget-container\">\n\t\t\t\t\t\t\t<div class=\"elementor-custom-embed\">\n\t\t\t<iframe loading=\"lazy\"\n\t\t\t\t\tsrc=\"https:\/\/maps.google.com\/maps?q=Shopping%20Itaborai%20plaza&#038;t=m&#038;z=16&#038;output=embed&#038;iwloc=near\"\n\t\t\t\t\ttitle=\"Shopping Itaborai plaza\"\n\t\t\t\t\taria-label=\"Shopping Itaborai plaza\"\n\t\t\t><\/iframe>\n\t\t<\/div>\n\t\t\t\t\t\t<\/div>\n\t\t\t\t<\/div>\n\t\t\t\t<div class=\"elementor-element elementor-element-70b714d2 elementor-widget elementor-widget-text-editor\" data-id=\"70b714d2\" data-element_type=\"widget\" data-e-type=\"widget\" data-widget_type=\"text-editor.default\">\n\t\t\t\t<div class=\"elementor-widget-container\">\n\t\t\t\t\t\t\t\t\t<p>O Shopping Itabora\u00ed Plaza fica situado no endere\u00e7o:<\/p><p>Rod. Gov. M\u00e1rio Covas, 101<br \/>Tr\u00eas Pontes, Itabora\u00ed<\/p>\t\t\t\t\t\t\t\t<\/div>\n\t\t\t\t<\/div>\n\t\t\t\t\t<\/div>\n\t\t<\/div>\n\t\t\t\t<div class=\"elementor-column elementor-col-50 elementor-top-column elementor-element elementor-element-632e495b\" data-id=\"632e495b\" data-element_type=\"column\" data-e-type=\"column\">\n\t\t\t<div class=\"elementor-widget-wrap elementor-element-populated\">\n\t\t\t\t\t\t<div class=\"elementor-element elementor-element-296d6b0d elementor-arrows-position-inside elementor-widget elementor-widget-image-carousel\" data-id=\"296d6b0d\" data-element_type=\"widget\" data-e-type=\"widget\" data-settings=\"{&quot;slides_to_show&quot;:&quot;1&quot;,&quot;navigation&quot;:&quot;arrows&quot;,&quot;autoplay&quot;:&quot;yes&quot;,&quot;pause_on_hover&quot;:&quot;yes&quot;,&quot;pause_on_interaction&quot;:&quot;yes&quot;,&quot;autoplay_speed&quot;:5000,&quot;infinite&quot;:&quot;yes&quot;,&quot;effect&quot;:&quot;slide&quot;,&quot;speed&quot;:500}\" data-widget_type=\"image-carousel.default\">\n\t\t\t\t<div class=\"elementor-widget-container\">\n\t\t\t\t\t\t\t<div class=\"elementor-image-carousel-wrapper swiper\" role=\"region\" aria-roledescription=\"carousel\" aria-label=\"Carrossel de imagens\" dir=\"ltr\">\n\t\t\t<div class=\"elementor-image-carousel swiper-wrapper\" aria-live=\"off\">\n\t\t\t\t\t\t\t\t<div class=\"swiper-slide\" role=\"group\" aria-roledescription=\"slide\" aria-label=\"1 de 17\"><figure class=\"swiper-slide-inner\"><img decoding=\"async\" class=\"swiper-slide-image\" src=\"https:\/\/casadaarvorefestas.com.br\/site\/wp-content\/uploads\/2021\/03\/148913475_1156482351462800_1614090139150879379_o-1024x684.jpg\" alt=\"148913475_1156482351462800_1614090139150879379_o\" \/><\/figure><\/div><div class=\"swiper-slide\" role=\"group\" aria-roledescription=\"slide\" aria-label=\"2 de 17\"><figure class=\"swiper-slide-inner\"><img decoding=\"async\" class=\"swiper-slide-image\" src=\"https:\/\/casadaarvorefestas.com.br\/site\/wp-content\/uploads\/2021\/03\/148904056_1156482954796073_2561891908541395012_o-1024x684.jpg\" alt=\"148904056_1156482954796073_2561891908541395012_o\" \/><\/figure><\/div><div class=\"swiper-slide\" role=\"group\" aria-roledescription=\"slide\" aria-label=\"3 de 17\"><figure class=\"swiper-slide-inner\"><img decoding=\"async\" class=\"swiper-slide-image\" src=\"https:\/\/casadaarvorefestas.com.br\/site\/wp-content\/uploads\/2021\/03\/148923553_1156482471462788_8639716186557959699_o-1024x684.jpg\" alt=\"148923553_1156482471462788_8639716186557959699_o\" \/><\/figure><\/div><div class=\"swiper-slide\" role=\"group\" aria-roledescription=\"slide\" aria-label=\"4 de 17\"><figure class=\"swiper-slide-inner\"><img decoding=\"async\" class=\"swiper-slide-image\" src=\"https:\/\/casadaarvorefestas.com.br\/site\/wp-content\/uploads\/2021\/03\/148937388_1156482568129445_5885468314058554913_o-1024x684.jpg\" alt=\"148937388_1156482568129445_5885468314058554913_o\" \/><\/figure><\/div><div class=\"swiper-slide\" role=\"group\" aria-roledescription=\"slide\" aria-label=\"5 de 17\"><figure class=\"swiper-slide-inner\"><img decoding=\"async\" class=\"swiper-slide-image\" src=\"https:\/\/casadaarvorefestas.com.br\/site\/wp-content\/uploads\/2021\/03\/148937388_1156482951462740_676885416672377029_o-1024x684.jpg\" alt=\"148937388_1156482951462740_676885416672377029_o\" \/><\/figure><\/div><div class=\"swiper-slide\" role=\"group\" aria-roledescription=\"slide\" aria-label=\"6 de 17\"><figure class=\"swiper-slide-inner\"><img decoding=\"async\" class=\"swiper-slide-image\" src=\"https:\/\/casadaarvorefestas.com.br\/site\/wp-content\/uploads\/2021\/03\/148952851_1156482478129454_3198654365156710549_o-1024x684.jpg\" alt=\"148952851_1156482478129454_3198654365156710549_o\" \/><\/figure><\/div><div class=\"swiper-slide\" role=\"group\" aria-roledescription=\"slide\" aria-label=\"7 de 17\"><figure class=\"swiper-slide-inner\"><img decoding=\"async\" class=\"swiper-slide-image\" src=\"https:\/\/casadaarvorefestas.com.br\/site\/wp-content\/uploads\/2021\/03\/148957144_1156482511462784_2931507158385305449_o-1024x684.jpg\" alt=\"148957144_1156482511462784_2931507158385305449_o\" \/><\/figure><\/div><div class=\"swiper-slide\" role=\"group\" aria-roledescription=\"slide\" aria-label=\"8 de 17\"><figure class=\"swiper-slide-inner\"><img decoding=\"async\" class=\"swiper-slide-image\" src=\"https:\/\/casadaarvorefestas.com.br\/site\/wp-content\/uploads\/2021\/03\/148967071_1156482638129438_1396424656663278896_o-684x1024.jpg\" alt=\"148967071_1156482638129438_1396424656663278896_o\" \/><\/figure><\/div><div class=\"swiper-slide\" role=\"group\" aria-roledescription=\"slide\" aria-label=\"9 de 17\"><figure class=\"swiper-slide-inner\"><img decoding=\"async\" class=\"swiper-slide-image\" src=\"https:\/\/casadaarvorefestas.com.br\/site\/wp-content\/uploads\/2021\/03\/149022852_1156482714796097_5191931553005160330_o-1024x684.jpg\" alt=\"149022852_1156482714796097_5191931553005160330_o\" \/><\/figure><\/div><div class=\"swiper-slide\" role=\"group\" aria-roledescription=\"slide\" aria-label=\"10 de 17\"><figure class=\"swiper-slide-inner\"><img decoding=\"async\" class=\"swiper-slide-image\" src=\"https:\/\/casadaarvorefestas.com.br\/site\/wp-content\/uploads\/2021\/03\/149073173_1156482751462760_2068074540099442960_o-1024x684.jpg\" alt=\"149073173_1156482751462760_2068074540099442960_o\" \/><\/figure><\/div><div class=\"swiper-slide\" role=\"group\" aria-roledescription=\"slide\" aria-label=\"11 de 17\"><figure class=\"swiper-slide-inner\"><img decoding=\"async\" class=\"swiper-slide-image\" src=\"https:\/\/casadaarvorefestas.com.br\/site\/wp-content\/uploads\/2021\/03\/149081998_1156482861462749_8802928374732198940_o-1024x684.jpg\" alt=\"149081998_1156482861462749_8802928374732198940_o\" \/><\/figure><\/div><div class=\"swiper-slide\" role=\"group\" aria-roledescription=\"slide\" aria-label=\"12 de 17\"><figure class=\"swiper-slide-inner\"><img decoding=\"async\" class=\"swiper-slide-image\" src=\"https:\/\/casadaarvorefestas.com.br\/site\/wp-content\/uploads\/2021\/03\/149242997_1156482624796106_5031999727188544076_o-1024x684.jpg\" alt=\"149242997_1156482624796106_5031999727188544076_o\" \/><\/figure><\/div><div class=\"swiper-slide\" role=\"group\" aria-roledescription=\"slide\" aria-label=\"13 de 17\"><figure class=\"swiper-slide-inner\"><img decoding=\"async\" class=\"swiper-slide-image\" src=\"https:\/\/casadaarvorefestas.com.br\/site\/wp-content\/uploads\/2021\/03\/149298937_1156482398129462_6779132546867933613_o-1024x684.jpg\" alt=\"149298937_1156482398129462_6779132546867933613_o\" \/><\/figure><\/div><div class=\"swiper-slide\" role=\"group\" aria-roledescription=\"slide\" aria-label=\"14 de 17\"><figure class=\"swiper-slide-inner\"><img decoding=\"async\" class=\"swiper-slide-image\" src=\"https:\/\/casadaarvorefestas.com.br\/site\/wp-content\/uploads\/2021\/03\/149299058_1156482371462798_3945260907866850079_o-1024x684.jpg\" alt=\"149299058_1156482371462798_3945260907866850079_o\" \/><\/figure><\/div><div class=\"swiper-slide\" role=\"group\" aria-roledescription=\"slide\" aria-label=\"15 de 17\"><figure class=\"swiper-slide-inner\"><img decoding=\"async\" class=\"swiper-slide-image\" src=\"https:\/\/casadaarvorefestas.com.br\/site\/wp-content\/uploads\/2021\/03\/149314344_1156482668129435_5951778745782977512_o-1024x684.jpg\" alt=\"149314344_1156482668129435_5951778745782977512_o\" \/><\/figure><\/div><div class=\"swiper-slide\" role=\"group\" aria-roledescription=\"slide\" aria-label=\"16 de 17\"><figure class=\"swiper-slide-inner\"><img decoding=\"async\" class=\"swiper-slide-image\" src=\"https:\/\/casadaarvorefestas.com.br\/site\/wp-content\/uploads\/2021\/03\/149429670_1156482911462744_7974464328414881988_o-1024x684.jpg\" alt=\"149429670_1156482911462744_7974464328414881988_o\" \/><\/figure><\/div><div class=\"swiper-slide\" role=\"group\" aria-roledescription=\"slide\" aria-label=\"17 de 17\"><figure class=\"swiper-slide-inner\"><img decoding=\"async\" class=\"swiper-slide-image\" src=\"https:\/\/casadaarvorefestas.com.br\/site\/wp-content\/uploads\/2021\/03\/149546566_1156482361462799_8967384125799052085_o-1024x684.jpg\" alt=\"149546566_1156482361462799_8967384125799052085_o\" \/><\/figure><\/div>\t\t\t<\/div>\n\t\t\t\t\t\t\t\t\t\t\t\t<div class=\"elementor-swiper-button elementor-swiper-button-prev\" role=\"button\" tabindex=\"0\">\n\t\t\t\t\t\t<i aria-hidden=\"true\" class=\"eicon-chevron-left\"><\/i>\t\t\t\t\t<\/div>\n\t\t\t\t\t<div class=\"elementor-swiper-button elementor-swiper-button-next\" role=\"button\" tabindex=\"0\">\n\t\t\t\t\t\t<i aria-hidden=\"true\" class=\"eicon-chevron-right\"><\/i>\t\t\t\t\t<\/div>\n\t\t\t\t\n\t\t\t\t\t\t\t\t\t<\/div>\n\t\t\t\t\t\t<\/div>\n\t\t\t\t<\/div>\n\t\t\t\t\t<\/div>\n\t\t<\/div>\n\t\t\t\t\t<\/div>\n\t\t<\/section>\n\t\t\t\t<section class=\"elementor-section elementor-top-section elementor-element elementor-element-ea87e07 elementor-section-boxed elementor-section-height-default elementor-section-height-default\" data-id=\"ea87e07\" data-element_type=\"section\" data-e-type=\"section\">\n\t\t\t\t\t\t<div class=\"elementor-container elementor-column-gap-default\">\n\t\t\t\t\t<div class=\"elementor-column elementor-col-50 elementor-top-column elementor-element elementor-element-5d98a4e\" data-id=\"5d98a4e\" data-element_type=\"column\" data-e-type=\"column\">\n\t\t\t<div class=\"elementor-widget-wrap elementor-element-populated\">\n\t\t\t\t\t\t<div class=\"elementor-element elementor-element-6e92062 elementor-widget elementor-widget-image\" data-id=\"6e92062\" data-element_type=\"widget\" data-e-type=\"widget\" data-widget_type=\"image.default\">\n\t\t\t\t<div class=\"elementor-widget-container\">\n\t\t\t\t\t\t\t\t\t\t\t\t\t\t\t<img decoding=\"async\" width=\"1024\" height=\"1024\" src=\"https:\/\/casadaarvorefestas.com.br\/site\/wp-content\/uploads\/2021\/03\/151381375_3713239512092682_6580795851360005103_o-1024x1024.jpg\" class=\"attachment-large size-large wp-image-668\" alt=\"\" srcset=\"https:\/\/casadaarvorefestas.com.br\/site\/wp-content\/uploads\/2021\/03\/151381375_3713239512092682_6580795851360005103_o-1024x1024.jpg 1024w, https:\/\/casadaarvorefestas.com.br\/site\/wp-content\/uploads\/2021\/03\/151381375_3713239512092682_6580795851360005103_o-400x400.jpg 400w, https:\/\/casadaarvorefestas.com.br\/site\/wp-content\/uploads\/2021\/03\/151381375_3713239512092682_6580795851360005103_o-100x100.jpg 100w, https:\/\/casadaarvorefestas.com.br\/site\/wp-content\/uploads\/2021\/03\/151381375_3713239512092682_6580795851360005103_o-800x800.jpg 800w, https:\/\/casadaarvorefestas.com.br\/site\/wp-content\/uploads\/2021\/03\/151381375_3713239512092682_6580795851360005103_o-300x300.jpg 300w, https:\/\/casadaarvorefestas.com.br\/site\/wp-content\/uploads\/2021\/03\/151381375_3713239512092682_6580795851360005103_o-150x150.jpg 150w, https:\/\/casadaarvorefestas.com.br\/site\/wp-content\/uploads\/2021\/03\/151381375_3713239512092682_6580795851360005103_o-768x768.jpg 768w, https:\/\/casadaarvorefestas.com.br\/site\/wp-content\/uploads\/2021\/03\/151381375_3713239512092682_6580795851360005103_o-90x90.jpg 90w, https:\/\/casadaarvorefestas.com.br\/site\/wp-content\/uploads\/2021\/03\/151381375_3713239512092682_6580795851360005103_o.jpg 1080w\" sizes=\"(max-width: 1024px) 100vw, 1024px\" \/>\t\t\t\t\t\t\t\t\t\t\t\t\t\t\t<\/div>\n\t\t\t\t<\/div>\n\t\t\t\t\t<\/div>\n\t\t<\/div>\n\t\t\t\t<div class=\"elementor-column elementor-col-50 elementor-top-column elementor-element elementor-element-24da352\" data-id=\"24da352\" data-element_type=\"column\" data-e-type=\"column\">\n\t\t\t<div class=\"elementor-widget-wrap elementor-element-populated\">\n\t\t\t\t\t\t<div class=\"elementor-element elementor-element-770e1a7 elementor-widget elementor-widget-text-editor\" data-id=\"770e1a7\" data-element_type=\"widget\" data-e-type=\"widget\" data-widget_type=\"text-editor.default\">\n\t\t\t\t<div class=\"elementor-widget-container\">\n\t\t\t\t\t\t\t\t\t<p style=\"text-align: left;\">A festa das crian\u00e7as fica mais completa aqui!&nbsp;<span class=\"pq6dq46d tbxw36s4 knj5qynh kvgmc6g5 ditlmg2l oygrvhab nvdbi5me sf5mxxl7 gl3lb2sf hhz5lgdu\"><img decoding=\"async\" src=\"https:\/\/static.xx.fbcdn.net\/images\/emoji.php\/v9\/t8c\/1\/16\/1f389.png\" alt=\"\ud83c\udf89\" width=\"16\" height=\"16\"><\/span>&nbsp;Imagina comemorar num ambiente seguro, repleto de brinquedos e preparado para receber todos os pequenos com muita divers\u00e3o? Demais n\u00e9!\u2800<br>.\u2800<br>Voc\u00ea escolhe:\u2800<br>Alugar apenas o espa\u00e7o ou contratar espa\u00e7o + buffet!\u2800<br>.\u2800<br>Entre em contato e conhe\u00e7a nossos valores!<\/p>\t\t\t\t\t\t\t\t<\/div>\n\t\t\t\t<\/div>\n\t\t\t\t<div class=\"elementor-element elementor-element-3ee8db1 elementor-align-center elementor-widget elementor-widget-button\" data-id=\"3ee8db1\" data-element_type=\"widget\" data-e-type=\"widget\" data-widget_type=\"button.default\">\n\t\t\t\t<div class=\"elementor-widget-container\">\n\t\t\t\t\t\t\t\t\t<div class=\"elementor-button-wrapper\">\n\t\t\t\t\t<a class=\"elementor-button elementor-button-link elementor-size-lg\" href=\"https:\/\/wa.me\/5522974055027\">\n\t\t\t\t\t\t<span class=\"elementor-button-content-wrapper\">\n\t\t\t\t\t\t<span class=\"elementor-button-icon\">\n\t\t\t\t<i aria-hidden=\"true\" class=\"fab fa-whatsapp\"><\/i>\t\t\t<\/span>\n\t\t\t\t\t\t\t\t\t<span class=\"elementor-button-text\">WhatsApp Online!<\/span>\n\t\t\t\t\t<\/span>\n\t\t\t\t\t<\/a>\n\t\t\t\t<\/div>\n\t\t\t\t\t\t\t\t<\/div>\n\t\t\t\t<\/div>\n\t\t\t\t\t<\/div>\n\t\t<\/div>\n\t\t\t\t\t<\/div>\n\t\t<\/section>\n\t\t\t\t<\/div>\n\t\t","protected":false},"excerpt":{"rendered":"<p>Shopping Itabora\u00ed Plaza A Casa da \u00c1rvore espera seus filhos para uma experi\u00eancia \u00fanica, cheia de brincadeiras, no Shopping Itabora\u00ed Plaza. Os pequenos curtir\u00e3o o melhor servi\u00e7o de recrea\u00e7\u00e3o infantil de Cabo Frio. Segunda \u00e0 s\u00e1bado, a brincadeira come\u00e7a \u00e0s 10h e s\u00f3 termina \u00e0s 22h. Aos domingos, de 12h \u00e0s 21h. Vem! O Shopping&#8230;<\/p>\n","protected":false},"author":1,"featured_media":0,"parent":0,"menu_order":0,"comment_status":"closed","ping_status":"closed","template":"elementor_header_footer","meta":{"_kadence_starter_templates_imported_post":false,"_kad_post_transparent":"","_kad_post_title":"","_kad_post_layout":"","_kad_post_sidebar_id":"","_kad_post_content_style":"","_kad_post_vertical_padding":"","_kad_post_feature":"","_kad_post_feature_position":"","_kad_post_header":false,"_kad_post_footer":false,"footnotes":""},"class_list":["post-60","page","type-page","status-publish","hentry"],"_links":{"self":[{"href":"https:\/\/casadaarvorefestas.com.br\/site\/wp-json\/wp\/v2\/pages\/60","targetHints":{"allow":["GET"]}}],"collection":[{"href":"https:\/\/casadaarvorefestas.com.br\/site\/wp-json\/wp\/v2\/pages"}],"about":[{"href":"https:\/\/casadaarvorefestas.com.br\/site\/wp-json\/wp\/v2\/types\/page"}],"author":[{"embeddable":true,"href":"https:\/\/casadaarvorefestas.com.br\/site\/wp-json\/wp\/v2\/users\/1"}],"replies":[{"embeddable":true,"href":"https:\/\/casadaarvorefestas.com.br\/site\/wp-json\/wp\/v2\/comments?post=60"}],"version-history":[{"count":22,"href":"https:\/\/casadaarvorefestas.com.br\/site\/wp-json\/wp\/v2\/pages\/60\/revisions"}],"predecessor-version":[{"id":674,"href":"https:\/\/casadaarvorefestas.com.br\/site\/wp-json\/wp\/v2\/pages\/60\/revisions\/674"}],"wp:attachment":[{"href":"https:\/\/casadaarvorefestas.com.br\/site\/wp-json\/wp\/v2\/media?parent=60"}],"curies":[{"name":"wp","href":"https:\/\/api.w.org\/{rel}","templated":true}]}}